{"id":965,"date":"2016-05-06T14:33:20","date_gmt":"2016-05-06T14:33:20","guid":{"rendered":"http:\/\/stg.blueglass.ee\/fletschhorn\/fr\/?page_id=965"},"modified":"2016-06-03T11:52:39","modified_gmt":"2016-06-03T11:52:39","slug":"reunions-evenements","status":"publish","type":"page","link":"https:\/\/alt.fletschhorn.ch\/fr\/reunions-evenements","title":{"rendered":"R\u00e9unions &#038; \u00c9v\u00e9nements"},"content":{"rendered":"","protected":false},"excerpt":{"rendered":"","protected":false},"author":2,"featured_media":0,"parent":0,"menu_order":119,"comment_status":"closed","ping_status":"closed","template":"templates\/categorypage2.php","meta":[],"_links":{"self":[{"href":"https:\/\/alt.fletschhorn.ch\/fr\/wp-json\/wp\/v2\/pages\/965"}],"collection":[{"href":"https:\/\/alt.fletschhorn.ch\/fr\/wp-json\/wp\/v2\/pages"}],"about":[{"href":"https:\/\/alt.fletschhorn.ch\/fr\/wp-json\/wp\/v2\/types\/page"}],"author":[{"embeddable":true,"href":"https:\/\/alt.fletschhorn.ch\/fr\/wp-json\/wp\/v2\/users\/2"}],"replies":[{"embeddable":true,"href":"https:\/\/alt.fletschhorn.ch\/fr\/wp-json\/wp\/v2\/comments?post=965"}],"version-history":[{"count":0,"href":"https:\/\/alt.fletschhorn.ch\/fr\/wp-json\/wp\/v2\/pages\/965\/revisions"}],"wp:attachment":[{"href":"https:\/\/alt.fletschhorn.ch\/fr\/wp-json\/wp\/v2\/media?parent=965"}],"curies":[{"name":"wp","href":"https:\/\/api.w.org\/{rel}","templated":true}]}}